{"id":6,"date":"2025-03-05T14:13:39","date_gmt":"2025-03-05T14:13:39","guid":{"rendered":"https:\/\/staging.transitsthlm.se\/?page_id=6"},"modified":"2025-03-07T12:24:00","modified_gmt":"2025-03-07T12:24:00","slug":"6-2","status":"publish","type":"page","link":"https:\/\/staging.transitsthlm.se\/index.php\/6-2\/","title":{"rendered":"\ufeff"},"content":{"rendered":"\n<div class=\"wp-block-cover alignfull\" style=\"margin-top:0;padding-top:6vw;padding-right:6vw;padding-bottom:6vw;padding-left:6vw;min-height:558px;aspect-ratio:unset;\"><span aria-hidden=\"true\" class=\"wp-block-cover__background has-ast-global-color-2-background-color has-background-dim-30 has-background-dim\"><\/span><img loading=\"lazy\" decoding=\"async\" width=\"1000\" height=\"611\" class=\"wp-block-cover__image-background wp-image-24\" alt=\"\" src=\"https:\/\/staging.transitsthlm.se\/wp-content\/uploads\/2025\/03\/transit-skissbild-1.png\" data-object-fit=\"cover\" srcset=\"https:\/\/staging.transitsthlm.se\/wp-content\/uploads\/2025\/03\/transit-skissbild-1.png 1000w, https:\/\/staging.transitsthlm.se\/wp-content\/uploads\/2025\/03\/transit-skissbild-1-300x183.png 300w, https:\/\/staging.transitsthlm.se\/wp-content\/uploads\/2025\/03\/transit-skissbild-1-768x469.png 768w\" sizes=\"auto, (max-width: 1000px) 100vw, 1000px\" \/><div class=\"wp-block-cover__inner-container is-layout-flow wp-block-cover-is-layout-flow\">\n<div class=\"wp-block-group is-content-justification-center is-layout-flex wp-container-core-group-is-layout-82565499 wp-block-group-is-layout-flex\">\n<div class=\"wp-block-group alignwide wp-container-content-ceb7f5b3 is-content-justification-left is-layout-constrained wp-container-core-group-is-layout-852f5fc7 wp-block-group-is-layout-constrained\">\n<h2 class=\"wp-block-heading alignwide has-ast-global-color-4-color has-text-color has-link-color wp-elements-c2a9d4945901f1bc602e1dbe02e43315\" id=\"we-re-a-studio-in-berlin-with-an-international-practice-in-architecture-urban-planning-and-interior-design-we-believe-in-sharing-knowledge-and-promoting-dialogue-to-increase-the-creative-potential-of-collaboration\" style=\"font-size:48px;line-height:1.1\">Tid, r\u00e5d och rum<br>f\u00f6r konstn\u00e4rliga<br>verksamheter<\/h2>\n\n\n\n<p class=\"has-text-align-left has-ast-global-color-4-color has-text-color\"><\/p>\n<\/div>\n\n\n\n<div class=\"wp-block-group is-content-justification-right is-nowrap is-layout-flex wp-container-core-group-is-layout-59a2d94b wp-block-group-is-layout-flex\">\n<div class=\"wp-block-group wp-container-content-0733e5d0 is-layout-flow wp-block-group-is-layout-flow\"><\/div>\n<\/div>\n<\/div>\n<\/div><\/div>\n\n\n\n<div class=\"wp-block-group is-style-section-1 is-layout-constrained wp-block-group-is-layout-constrained\" style=\"margin-top:0;margin-bottom:0;padding-top:var(--wp--preset--spacing--80);padding-bottom:var(--wp--preset--spacing--80)\">\n<div class=\"wp-block-columns alignfull are-vertically-aligned-center is-layout-flex wp-container-core-columns-is-layout-66fad18a wp-block-columns-is-layout-flex\">\n<div class=\"wp-block-column is-vertically-aligned-center is-layout-flow wp-block-column-is-layout-flow\" style=\"padding-right:var(--wp--preset--spacing--50);flex-basis:45%\">\n<figure class=\"wp-block-image size-full\"><img loading=\"lazy\" decoding=\"async\" width=\"1000\" height=\"611\" src=\"https:\/\/staging.transitsthlm.se\/wp-content\/uploads\/2025\/03\/transit-skissbild-1.png\" alt=\"\" class=\"wp-image-24\" srcset=\"https:\/\/staging.transitsthlm.se\/wp-content\/uploads\/2025\/03\/transit-skissbild-1.png 1000w, https:\/\/staging.transitsthlm.se\/wp-content\/uploads\/2025\/03\/transit-skissbild-1-300x183.png 300w, https:\/\/staging.transitsthlm.se\/wp-content\/uploads\/2025\/03\/transit-skissbild-1-768x469.png 768w\" sizes=\"auto, (max-width: 1000px) 100vw, 1000px\" \/><\/figure>\n<\/div>\n\n\n\n<div class=\"wp-block-column is-vertically-aligned-center is-layout-flow wp-block-column-is-layout-flow\" style=\"padding-right:0;padding-left:0;flex-basis:50%\">\n<div class=\"wp-block-group is-vertical is-layout-flex wp-container-core-group-is-layout-fe9cc265 wp-block-group-is-layout-flex\">\n<h2 class=\"wp-block-heading is-style-text-annotation\">Lorem ipsum dolor<\/h2>\n<\/div>\n\n\n\n<p class=\"is-style-text-subtitle\" style=\"font-size:16px\">Transit \u00e4r en plats och samarbetspartner f\u00f6r frilansande filmare, musiker, scenkonstn\u00e4rer, bildkonstn\u00e4rer och formgivare. Vi p\u00e5 Transit vet att ett dynamiskt och till\u00e5tande sammanhang hj\u00e4lper m\u00e5nga konstn\u00e4rer och deras verksamheter att utvecklas b\u00e5de konstn\u00e4rligt och ekonomiskt.<\/p>\n<\/div>\n<\/div>\n<\/div>\n\n\n\n<div class=\"wp-block-group alignwide is-layout-constrained wp-container-core-group-is-layout-ebee8dc1 wp-block-group-is-layout-constrained\" style=\"margin-top:0;margin-bottom:0;padding-top:var(--wp--preset--spacing--50);padding-bottom:var(--wp--preset--spacing--50)\">\n<div class=\"wp-block-columns alignwide is-layout-flex wp-container-core-columns-is-layout-28f84493 wp-block-columns-is-layout-flex\">\n<div class=\"wp-block-column is-layout-flow wp-block-column-is-layout-flow\">\n<figure class=\"wp-block-image size-full\" style=\"margin-bottom:24px\"><img loading=\"lazy\" decoding=\"async\" width=\"1000\" height=\"611\" src=\"https:\/\/staging.transitsthlm.se\/wp-content\/uploads\/2025\/03\/transit-skissbild-1.png\" alt=\"\" class=\"wp-image-24\" style=\"aspect-ratio:4\/3;object-fit:cover\" srcset=\"https:\/\/staging.transitsthlm.se\/wp-content\/uploads\/2025\/03\/transit-skissbild-1.png 1000w, https:\/\/staging.transitsthlm.se\/wp-content\/uploads\/2025\/03\/transit-skissbild-1-300x183.png 300w, https:\/\/staging.transitsthlm.se\/wp-content\/uploads\/2025\/03\/transit-skissbild-1-768x469.png 768w\" sizes=\"auto, (max-width: 1000px) 100vw, 1000px\" \/><\/figure>\n\n\n\n<h3 class=\"wp-block-heading\">Tid<\/h3>\n\n\n\n<p style=\"font-size:16px\">P\u00e5 Transit f\u00e5r du tid att\u2028 utveckla ditt konstn\u00e4rliga \u2028arbete fritt under tv\u00e5 \u00e5r.<\/p>\n<\/div>\n\n\n\n<div class=\"wp-block-column is-layout-flow wp-block-column-is-layout-flow\">\n<figure class=\"wp-block-image size-full\" style=\"margin-bottom:24px\"><img loading=\"lazy\" decoding=\"async\" width=\"1000\" height=\"611\" src=\"https:\/\/staging.transitsthlm.se\/wp-content\/uploads\/2025\/03\/transit-skissbild-1.png\" alt=\"\" class=\"wp-image-24\" style=\"aspect-ratio:4\/3;object-fit:cover\" srcset=\"https:\/\/staging.transitsthlm.se\/wp-content\/uploads\/2025\/03\/transit-skissbild-1.png 1000w, https:\/\/staging.transitsthlm.se\/wp-content\/uploads\/2025\/03\/transit-skissbild-1-300x183.png 300w, https:\/\/staging.transitsthlm.se\/wp-content\/uploads\/2025\/03\/transit-skissbild-1-768x469.png 768w\" sizes=\"auto, (max-width: 1000px) 100vw, 1000px\" \/><\/figure>\n\n\n\n<h3 class=\"wp-block-heading\">R\u00e5d<\/h3>\n\n\n\n<p style=\"font-size:16px\">Vi som jobbar p\u00e5 Transit \u2028finns alltid till hands n\u00e4r du beh\u00f6ver r\u00e5d eller vill bolla dina tankar.<\/p>\n<\/div>\n\n\n\n<div class=\"wp-block-column is-layout-flow wp-block-column-is-layout-flow\">\n<figure class=\"wp-block-image size-full\" style=\"margin-bottom:24px\"><img loading=\"lazy\" decoding=\"async\" width=\"1000\" height=\"611\" src=\"https:\/\/staging.transitsthlm.se\/wp-content\/uploads\/2025\/03\/transit-skissbild-1.png\" alt=\"\" class=\"wp-image-24\" style=\"aspect-ratio:4\/3;object-fit:cover\" srcset=\"https:\/\/staging.transitsthlm.se\/wp-content\/uploads\/2025\/03\/transit-skissbild-1.png 1000w, https:\/\/staging.transitsthlm.se\/wp-content\/uploads\/2025\/03\/transit-skissbild-1-300x183.png 300w, https:\/\/staging.transitsthlm.se\/wp-content\/uploads\/2025\/03\/transit-skissbild-1-768x469.png 768w\" sizes=\"auto, (max-width: 1000px) 100vw, 1000px\" \/><\/figure>\n\n\n\n<h3 class=\"wp-block-heading\">Rum<\/h3>\n\n\n\n<p style=\"font-size:16px\">Vi sitter i ett gemensamt \u2028\u00f6ppet kontor p\u00e5 360 kvm fyllt \u2028med inspiration och utbyte.<\/p>\n<\/div>\n<\/div>\n<\/div>\n\n\n\n<div class=\"wp-block-group is-style-section-1 is-layout-constrained wp-block-group-is-layout-constrained\" style=\"margin-top:0;margin-bottom:0;padding-top:var(--wp--preset--spacing--80);padding-bottom:var(--wp--preset--spacing--80)\">\n<div class=\"wp-block-columns alignfull are-vertically-aligned-center is-layout-flex wp-container-core-columns-is-layout-66fad18a wp-block-columns-is-layout-flex\">\n<div class=\"wp-block-column is-vertically-aligned-center is-layout-flow wp-block-column-is-layout-flow\" style=\"padding-right:var(--wp--preset--spacing--50);flex-basis:45%\">\n<figure class=\"wp-block-image size-full\"><img loading=\"lazy\" decoding=\"async\" width=\"1000\" height=\"611\" src=\"https:\/\/staging.transitsthlm.se\/wp-content\/uploads\/2025\/03\/transit-skissbild-1.png\" alt=\"\" class=\"wp-image-24\" srcset=\"https:\/\/staging.transitsthlm.se\/wp-content\/uploads\/2025\/03\/transit-skissbild-1.png 1000w, https:\/\/staging.transitsthlm.se\/wp-content\/uploads\/2025\/03\/transit-skissbild-1-300x183.png 300w, https:\/\/staging.transitsthlm.se\/wp-content\/uploads\/2025\/03\/transit-skissbild-1-768x469.png 768w\" sizes=\"auto, (max-width: 1000px) 100vw, 1000px\" \/><\/figure>\n<\/div>\n\n\n\n<div class=\"wp-block-column is-vertically-aligned-center is-layout-flow wp-block-column-is-layout-flow\" style=\"padding-right:0;padding-left:0;flex-basis:50%\">\n<div class=\"wp-block-group is-vertical is-layout-flex wp-container-core-group-is-layout-fe9cc265 wp-block-group-is-layout-flex\">\n<h2 class=\"wp-block-heading is-style-text-annotation\">Organisk Processmetod<\/h2>\n<\/div>\n\n\n\n<p class=\"is-style-text-subtitle\" style=\"font-size:16px\">OPM \u00e4r ett verktyg f\u00f6r konstn\u00e4rligt yrkes-verksamma att analysera den underliggande strukturen i sin verksamhet. Genom en v\u00e4l fungerande struktur frig\u00f6rs resurser till det konstn\u00e4rliga utforskandet och skapandet, vilket i sin tur m\u00f6jligg\u00f6r en \u00f6kad b\u00e4rkraft, konstn\u00e4rligt och ekonomiskt.<\/p>\n<\/div>\n<\/div>\n<\/div>\n\n\n\n<div class=\"wp-block-buttons is-content-justification-center is-layout-flex wp-container-core-buttons-is-layout-a89b3969 wp-block-buttons-is-layout-flex\">\n<div class=\"wp-block-button\"><a class=\"wp-block-button__link wp-element-button\">ANS\u00d6K NU<\/a><\/div>\n<\/div>\n\n\n\n<div style=\"height:40px\" aria-hidden=\"true\" class=\"wp-block-spacer\"><\/div>\n\n\n\n<figure class=\"wp-block-gallery has-nested-images columns-default is-cropped wp-block-gallery-1 is-layout-flex wp-block-gallery-is-layout-flex\">\n<figure class=\"wp-block-image size-large\"><img loading=\"lazy\" decoding=\"async\" width=\"1024\" height=\"682\" data-id=\"69\" src=\"https:\/\/staging.transitsthlm.se\/wp-content\/uploads\/2025\/03\/audio-720589_1280-1024x682.jpg\" alt=\"\" class=\"wp-image-69\" srcset=\"https:\/\/staging.transitsthlm.se\/wp-content\/uploads\/2025\/03\/audio-720589_1280-1024x682.jpg 1024w, https:\/\/staging.transitsthlm.se\/wp-content\/uploads\/2025\/03\/audio-720589_1280-300x200.jpg 300w, https:\/\/staging.transitsthlm.se\/wp-content\/uploads\/2025\/03\/audio-720589_1280-768x512.jpg 768w, https:\/\/staging.transitsthlm.se\/wp-content\/uploads\/2025\/03\/audio-720589_1280.jpg 1280w\" sizes=\"auto, (max-width: 1024px) 100vw, 1024px\" \/><\/figure>\n\n\n\n<figure class=\"wp-block-image size-large\"><img loading=\"lazy\" decoding=\"async\" width=\"1024\" height=\"730\" data-id=\"70\" src=\"https:\/\/staging.transitsthlm.se\/wp-content\/uploads\/2025\/03\/hand-2562827_1280-1024x730.jpg\" alt=\"\" class=\"wp-image-70\" srcset=\"https:\/\/staging.transitsthlm.se\/wp-content\/uploads\/2025\/03\/hand-2562827_1280-1024x730.jpg 1024w, https:\/\/staging.transitsthlm.se\/wp-content\/uploads\/2025\/03\/hand-2562827_1280-300x214.jpg 300w, https:\/\/staging.transitsthlm.se\/wp-content\/uploads\/2025\/03\/hand-2562827_1280-768x548.jpg 768w, https:\/\/staging.transitsthlm.se\/wp-content\/uploads\/2025\/03\/hand-2562827_1280.jpg 1280w\" sizes=\"auto, (max-width: 1024px) 100vw, 1024px\" \/><\/figure>\n\n\n\n<figure class=\"wp-block-image size-large\"><img loading=\"lazy\" decoding=\"async\" width=\"1024\" height=\"682\" data-id=\"71\" src=\"https:\/\/staging.transitsthlm.se\/wp-content\/uploads\/2025\/03\/pet-5054023_1280-1024x682.jpg\" alt=\"\" class=\"wp-image-71\" srcset=\"https:\/\/staging.transitsthlm.se\/wp-content\/uploads\/2025\/03\/pet-5054023_1280-1024x682.jpg 1024w, https:\/\/staging.transitsthlm.se\/wp-content\/uploads\/2025\/03\/pet-5054023_1280-300x200.jpg 300w, https:\/\/staging.transitsthlm.se\/wp-content\/uploads\/2025\/03\/pet-5054023_1280-768x512.jpg 768w, https:\/\/staging.transitsthlm.se\/wp-content\/uploads\/2025\/03\/pet-5054023_1280.jpg 1280w\" sizes=\"auto, (max-width: 1024px) 100vw, 1024px\" \/><\/figure>\n<\/figure>\n\n\n\n<div style=\"height:40px\" aria-hidden=\"true\" class=\"wp-block-spacer\"><\/div>\n\n\n\n<blockquote class=\"wp-block-quote has-text-align-center is-style-large is-layout-flow wp-block-quote-is-layout-flow\">\n<p class=\"has-text-align-left\">\u201cGenom att delta i olika workshops som fokuserat p\u00e5 att utforska konstn\u00e4rliga och kreativa processer har jag f\u00e5tt en m\u00f6jlighet att f\u00f6rdjupa mig i min verksamhet och driva dess utveckling fram\u00e5t. P\u00e5 Transit, som rymmer m\u00e5ngfald, har jag f\u00e5tt chansen att m\u00f6ta konstn\u00e4rer som arbetar med olika medier. Feedbacken jag f\u00e5tt p\u00e5 ans\u00f6kningar har varit l\u00e4rorik och givande, och det har berikat min konstn\u00e4rliga resa.\u201d<\/p>\n<cite>Ali Ardalan, Visual artist<\/cite><\/blockquote>\n\n\n\n<aside class=\"wp-block-group alignfull is-style-section-3 is-layout-constrained wp-container-core-group-is-layout-f0f2a97b wp-block-group-is-layout-constrained\" style=\"margin-top:0;margin-bottom:0;padding-top:var(--wp--preset--spacing--50);padding-right:var(--wp--preset--spacing--50);padding-bottom:var(--wp--preset--spacing--50);padding-left:var(--wp--preset--spacing--50)\">\n<div class=\"wp-block-group is-vertical is-content-justification-center is-layout-flex wp-container-core-group-is-layout-8778ca4a wp-block-group-is-layout-flex\" style=\"min-height:360px;margin-top:0;margin-bottom:0\">\n<h2 class=\"wp-block-heading has-text-align-center has-xx-large-font-size\">Sign up to get daily stories<\/h2>\n\n\n\n<p class=\"has-text-align-center is-style-text-subtitle\">Get access to a curated collection of moments in time featuring photographs from historical relevance.<\/p>\n\n\n\n<div style=\"height:0px\" aria-hidden=\"true\" class=\"wp-block-spacer wp-container-content-62aae154\"><\/div>\n\n\n\n<div class=\"wp-block-buttons is-content-justification-center is-layout-flex wp-container-core-buttons-is-layout-a89b3969 wp-block-buttons-is-layout-flex\">\n<div class=\"wp-block-button\"><a class=\"wp-block-button__link has-text-align-center wp-element-button\">Subscribe<\/a><\/div>\n<\/div>\n<\/div>\n<\/aside>\n","protected":false},"excerpt":{"rendered":"<p>Lorem ipsum dolor Transit \u00e4r en plats och samarbetspartner f\u00f6r frilansande filmare, musiker, scenkonstn\u00e4rer, bildkonstn\u00e4rer och formgivare. Vi p\u00e5 Transit [&hellip;]<\/p>\n","protected":false},"author":1,"featured_media":0,"parent":0,"menu_order":0,"comment_status":"closed","ping_status":"closed","template":"","meta":{"site-sidebar-layout":"default","site-content-layout":"","ast-site-content-layout":"","site-content-style":"default","site-sidebar-style":"default","ast-global-header-display":"","ast-banner-title-visibility":"","ast-main-header-display":"","ast-hfb-above-header-display":"","ast-hfb-below-header-display":"","ast-hfb-mobile-header-display":"","site-post-title":"disabled","ast-breadcrumbs-content":"","ast-featured-img":"","footer-sml-layout":"","theme-transparent-header-meta":"","adv-header-id-meta":"","stick-header-meta":"","header-above-stick-meta":"","header-main-stick-meta":"","header-below-stick-meta":"","astra-migrate-meta-layouts":"default","ast-page-background-enabled":"default","ast-page-background-meta":{"desktop":{"background-color":"var(--ast-global-color-5)","background-image":"","background-repeat":"repeat","background-position":"center center","background-size":"auto","background-attachment":"scroll","background-type":"","background-media":"","overlay-type":"","overlay-color":"","overlay-opacity":"","overlay-gradient":""},"tablet":{"background-color":"","background-image":"","background-repeat":"repeat","background-position":"center center","background-size":"auto","background-attachment":"scroll","background-type":"","background-media":"","overlay-type":"","overlay-color":"","overlay-opacity":"","overlay-gradient":""},"mobile":{"background-color":"","background-image":"","background-repeat":"repeat","background-position":"center center","background-size":"auto","background-attachment":"scroll","background-type":"","background-media":"","overlay-type":"","overlay-color":"","overlay-opacity":"","overlay-gradient":""}},"ast-content-background-meta":{"desktop":{"background-color":"var(--ast-global-color-4)","background-image":"","background-repeat":"repeat","background-position":"center center","background-size":"auto","background-attachment":"scroll","background-type":"","background-media":"","overlay-type":"","overlay-color":"","overlay-opacity":"","overlay-gradient":""},"tablet":{"background-color":"var(--ast-global-color-4)","background-image":"","background-repeat":"repeat","background-position":"center center","background-size":"auto","background-attachment":"scroll","background-type":"","background-media":"","overlay-type":"","overlay-color":"","overlay-opacity":"","overlay-gradient":""},"mobile":{"background-color":"var(--ast-global-color-4)","background-image":"","background-repeat":"repeat","background-position":"center center","background-size":"auto","background-attachment":"scroll","background-type":"","background-media":"","overlay-type":"","overlay-color":"","overlay-opacity":"","overlay-gradient":""}},"footnotes":""},"class_list":["post-6","page","type-page","status-publish","hentry"],"_links":{"self":[{"href":"https:\/\/staging.transitsthlm.se\/index.php\/wp-json\/wp\/v2\/pages\/6","targetHints":{"allow":["GET"]}}],"collection":[{"href":"https:\/\/staging.transitsthlm.se\/index.php\/wp-json\/wp\/v2\/pages"}],"about":[{"href":"https:\/\/staging.transitsthlm.se\/index.php\/wp-json\/wp\/v2\/types\/page"}],"author":[{"embeddable":true,"href":"https:\/\/staging.transitsthlm.se\/index.php\/wp-json\/wp\/v2\/users\/1"}],"replies":[{"embeddable":true,"href":"https:\/\/staging.transitsthlm.se\/index.php\/wp-json\/wp\/v2\/comments?post=6"}],"version-history":[{"count":41,"href":"https:\/\/staging.transitsthlm.se\/index.php\/wp-json\/wp\/v2\/pages\/6\/revisions"}],"predecessor-version":[{"id":77,"href":"https:\/\/staging.transitsthlm.se\/index.php\/wp-json\/wp\/v2\/pages\/6\/revisions\/77"}],"wp:attachment":[{"href":"https:\/\/staging.transitsthlm.se\/index.php\/wp-json\/wp\/v2\/media?parent=6"}],"curies":[{"name":"wp","href":"https:\/\/api.w.org\/{rel}","templated":true}]}}